{"id":285,"date":"2018-02-09T10:40:06","date_gmt":"2018-02-09T10:40:06","guid":{"rendered":"https:\/\/demo.themegrill.com\/colormag\/?page_id=285"},"modified":"2023-01-25T17:46:47","modified_gmt":"2023-01-25T17:46:47","slug":"contact-us","status":"publish","type":"page","link":"https:\/\/bvbarrancos.pt\/?page_id=285","title":{"rendered":"Contactos"},"content":{"rendered":"<p style=\"font-variant-ligatures: normal; font-variant-caps: normal; font-style: normal;\"><strong>Morada:<br \/>\n<\/strong>Estrada Nacional 258, s\/n<br \/>\n7230-022 Barrancos<\/p>\n<p><b style=\"font-weight: 400;\"><strong>E-mail Dire\u00e7\u00e3o e Servi\u00e7os Administrativos:<\/strong><br \/>\n<\/b>secretaria@bvbarrancos.pt<\/p>\n<p><strong style=\"font-size: 16px;\">E-mail Comando:<\/strong><br \/>\ncomando@bvbarrancos.pt<\/p>\n<p><strong style=\"font-variant-ligatures: normal; font-variant-caps: normal; font-family: georgia, palatino, serif; font-size: 16px; font-style: normal; color: #000000;\">E-mail Central Telecomunica\u00e7\u00f5es:<\/strong><br \/>\ncentral@bvbarrancos.pt<\/p>\n<p>____________________________________________<\/p>\n<p><strong style=\"font-family: 'Open Sans', serif; font-size: 15px;\">Telefones<\/strong>:<br \/>\n<strong style=\"color: #000000; font-family: 'Open Sans', serif; font-size: 15px; font-style: normal; font-variant-ligatures: normal; font-variant-caps: normal;\">GERAL:\u00a0<\/strong><strong style=\"color: #000000; font-family: 'Open Sans', serif; font-size: 15px;\">285 950 100<br \/>\n(chamada para a rede fixa nacional)\u00a0<\/strong><\/p>\n<p><strong style=\"font-variant-ligatures: normal; font-variant-caps: normal; font-family: 'Open Sans', serif; font-size: 15px; font-style: normal;\">Telem\u00f3vel<\/strong>:<br \/>\n<strong style=\"font-variant-ligatures: normal; font-variant-caps: normal; font-family: 'Open Sans', serif; font-size: 15px; font-style: normal;\">GERAL: 968 339 519<br \/>\n<\/strong><strong style=\"font-variant-ligatures: normal; font-variant-caps: normal; font-family: 'Open Sans', serif; font-size: 15px; font-style: normal; color: #000000;\">(chamada para a rede m\u00f3vel nacional)\u00a0<\/strong><strong style=\"font-variant-ligatures: normal; font-variant-caps: normal; font-family: 'Open Sans', serif; font-size: 15px; font-style: normal;\"><br \/>\n<\/strong><\/p>\n<p>\n<\/br><br \/>\n                            Formul\u00e1rio de Contato:<\/p>\n\n<div class=\"wpcf7 no-js\" id=\"wpcf7-f10-o1\" lang=\"pt-PT\" dir=\"ltr\" data-wpcf7-id=\"10\">\n<div class=\"screen-reader-response\"><p role=\"status\" aria-live=\"polite\" aria-atomic=\"true\"><\/p> <ul><\/ul><\/div>\n<form action=\"\/index.php?rest_route=%2Fwp%2Fv2%2Fpages%2F285#wpcf7-f10-o1\" method=\"post\" class=\"wpcf7-form init\" aria-label=\"Formul\u00e1rio de contacto\" novalidate=\"novalidate\" data-status=\"init\">\n<fieldset class=\"hidden-fields-container\"><input type=\"hidden\" name=\"_wpcf7\" value=\"10\" \/><input type=\"hidden\" name=\"_wpcf7_version\" value=\"6.1.5\" \/><input type=\"hidden\" name=\"_wpcf7_locale\" value=\"pt_PT\" \/><input type=\"hidden\" name=\"_wpcf7_unit_tag\" value=\"wpcf7-f10-o1\" \/><input type=\"hidden\" name=\"_wpcf7_container_post\" value=\"0\" \/><input type=\"hidden\" name=\"_wpcf7_posted_data_hash\" value=\"\" \/>\n<\/fieldset>\n<p><label> O seu nome (obrigat\u00f3rio)<br \/>\n<span class=\"wpcf7-form-control-wrap\" data-name=\"your-name\"><input size=\"40\" maxlength=\"400\" class=\"wpcf7-form-control wpcf7-text wpcf7-validates-as-required\" aria-required=\"true\" aria-invalid=\"false\" value=\"\" type=\"text\" name=\"your-name\" \/><\/span> <\/label>\n<\/p>\n<p><label> O seu email (obrigat\u00f3rio)<br \/>\n<span class=\"wpcf7-form-control-wrap\" data-name=\"your-email\"><input size=\"40\" maxlength=\"400\" class=\"wpcf7-form-control wpcf7-email wpcf7-validates-as-required wpcf7-text wpcf7-validates-as-email\" aria-required=\"true\" aria-invalid=\"false\" value=\"\" type=\"email\" name=\"your-email\" \/><\/span> <\/label>\n<\/p>\n<p><label> Assunto<br \/>\n<span class=\"wpcf7-form-control-wrap\" data-name=\"your-subject\"><input size=\"40\" maxlength=\"400\" class=\"wpcf7-form-control wpcf7-text\" aria-invalid=\"false\" value=\"\" type=\"text\" name=\"your-subject\" \/><\/span> <\/label>\n<\/p>\n<p><label> A sua mensagem<br \/>\n<span class=\"wpcf7-form-control-wrap\" data-name=\"your-message\"><textarea cols=\"40\" rows=\"10\" maxlength=\"2000\" class=\"wpcf7-form-control wpcf7-textarea\" aria-invalid=\"false\" name=\"your-message\"><\/textarea><\/span> <\/label>\n<\/p>\n<p><label> <span class=\"wpcf7-form-control-wrap\" data-name=\"quiz-324\"><label><span class=\"wpcf7-quiz-label\">Aceita o envio dados EU\/RGPD? Sim. Verifica\u00e7\u00e3o: &#039;99+1=?<\/span> <input size=\"40\" class=\"wpcf7-form-control wpcf7-quiz\" autocomplete=\"off\" aria-required=\"true\" aria-invalid=\"false\" type=\"text\" name=\"quiz-324\" \/><\/label><input type=\"hidden\" name=\"_wpcf7_quiz_answer_quiz-324\" value=\"8058dedbbbd7e858ede81dd9188f2115\" \/><\/span> <\/label>\n<\/p>\n<p><input class=\"wpcf7-form-control wpcf7-submit has-spinner\" type=\"submit\" value=\"Enviar\" \/>\n<\/p><div class=\"wpcf7-response-output\" aria-hidden=\"true\"><\/div>\n<\/form>\n<\/div>\n\n<p><iframe loading=\"lazy\" src=\"https:\/\/maps.google.com\/maps?q=Bombeiros%20Volunt%C3%A1rios%20de%20Barrancos%2C%20Barrancos&amp;t=m&amp;z=16&amp;output=embed&amp;iwloc=near\" frameborder=\"0\" marginwidth=\"0\" marginheight=\"0\" width=\"100%\" height=\"500px\" scrolling=\"no\" aria-label=\"Bombeiros Volunt\u00e1rios de Barrancos, Barrancos\"><\/iframe><\/p>\n","protected":false},"excerpt":{"rendered":"<p>Morada: Estrada Nacional 258, s\/n 7230-022 Barrancos E-mail Dire\u00e7\u00e3o e Servi\u00e7os Administrativos: secretaria@bvbarrancos.pt E-mail Comando: comando@bvbarrancos.pt E-mail Central Telecomunica\u00e7\u00f5es: central@bvbarrancos.pt<\/p>\n","protected":false},"author":1,"featured_media":0,"parent":0,"menu_order":0,"comment_status":"closed","ping_status":"closed","template":"","meta":{"footnotes":"","_links_to":"","_links_to_target":""},"class_list":["post-285","page","type-page","status-publish","hentry"],"_links":{"self":[{"href":"https:\/\/bvbarrancos.pt\/index.php?rest_route=\/wp\/v2\/pages\/285","targetHints":{"allow":["GET"]}}],"collection":[{"href":"https:\/\/bvbarrancos.pt\/index.php?rest_route=\/wp\/v2\/pages"}],"about":[{"href":"https:\/\/bvbarrancos.pt\/index.php?rest_route=\/wp\/v2\/types\/page"}],"author":[{"embeddable":true,"href":"https:\/\/bvbarrancos.pt\/index.php?rest_route=\/wp\/v2\/users\/1"}],"replies":[{"embeddable":true,"href":"https:\/\/bvbarrancos.pt\/index.php?rest_route=%2Fwp%2Fv2%2Fcomments&post=285"}],"version-history":[{"count":41,"href":"https:\/\/bvbarrancos.pt\/index.php?rest_route=\/wp\/v2\/pages\/285\/revisions"}],"predecessor-version":[{"id":812,"href":"https:\/\/bvbarrancos.pt\/index.php?rest_route=\/wp\/v2\/pages\/285\/revisions\/812"}],"wp:attachment":[{"href":"https:\/\/bvbarrancos.pt\/index.php?rest_route=%2Fwp%2Fv2%2Fmedia&parent=285"}],"curies":[{"name":"wp","href":"https:\/\/api.w.org\/{rel}","templated":true}]}}