{"id":435,"date":"2020-04-21T14:13:52","date_gmt":"2020-04-21T14:13:52","guid":{"rendered":"http:\/\/bvbarrancos.pt\/?page_id=435"},"modified":"2020-04-21T14:13:52","modified_gmt":"2020-04-21T14:13:52","slug":"missao","status":"publish","type":"page","link":"https:\/\/bvbarrancos.pt\/?page_id=435","title":{"rendered":"Miss\u00e3o"},"content":{"rendered":"<p>Um Corpo de Bombeiros \u00e9 uma unidade operacional tecnicamente organizada, preparada e equipada para o cabal do exerc\u00edcio de v\u00e1rias miss\u00f5es:<\/p>\n<p><strong>1 \u2013<\/strong> O combate a inc\u00eandios.<\/p>\n<p><strong>2 \u2013<\/strong> O socorro \u00e0s popula\u00e7\u00f5es em caso de inc\u00eandios, inunda\u00e7\u00f5es, desabamentos, abalroamentos e em todos os acidentes, cat\u00e1strofes ou calamidades.<\/p>\n<p><strong>3 \u2013<\/strong> O socorro e transporte de sinistrados e doentes, incluindo a urg\u00eancia pr\u00e9-hospitalar A preven\u00e7\u00e3o contra inc\u00eandios em edif\u00edcios p\u00fablicos, casas de espet\u00e1culos e divertimento p\u00fablico e outros recintos, mediante solicita\u00e7\u00e3o e de acordo com as normas em vigor, nomeadamente durante a realiza\u00e7\u00e3o de eventos com aglomera\u00e7\u00e3o de p\u00fablico.<\/p>\n<p><strong>4 \u2013<\/strong> A emiss\u00e3o, nos termos da lei, de pareceres t\u00e9cnicos em mat\u00e9ria de preven\u00e7\u00e3o e seguran\u00e7a contra riscos de inc\u00eandio e outros sinistros.<\/p>\n<p><strong>5 \u2013<\/strong> A colabora\u00e7\u00e3o em outras atividades de prote\u00e7\u00e3o civil, no \u00e2mbito do exerc\u00edcio das fun\u00e7\u00f5es espec\u00edficas que lhes forem cometidas.<\/p>\n<p><strong>6 \u2013<\/strong> A participa\u00e7\u00e3o noutras a\u00e7\u00f5es para as quais estejam tecnicamente preparados e se enquadrem nos seus fins espec\u00edficos.<\/p>\n<p><strong>7 \u2013<\/strong> O exerc\u00edcio de atividades de forma\u00e7\u00e3o c\u00edvica, com especial incid\u00eancia nos dom\u00ednios da preven\u00e7\u00e3o contra o risco de inc\u00eandio e outros acidentes dom\u00e9sticos.<\/p>\n","protected":false},"excerpt":{"rendered":"<p>Um Corpo de Bombeiros \u00e9 uma unidade operacional tecnicamente organizada, preparada e equipada para o cabal do exerc\u00edcio de v\u00e1rias<\/p>\n","protected":false},"author":1,"featured_media":0,"parent":0,"menu_order":0,"comment_status":"closed","ping_status":"closed","template":"","meta":{"footnotes":"","_links_to":"","_links_to_target":""},"class_list":["post-435","page","type-page","status-publish","hentry"],"_links":{"self":[{"href":"https:\/\/bvbarrancos.pt\/index.php?rest_route=\/wp\/v2\/pages\/435","targetHints":{"allow":["GET"]}}],"collection":[{"href":"https:\/\/bvbarrancos.pt\/index.php?rest_route=\/wp\/v2\/pages"}],"about":[{"href":"https:\/\/bvbarrancos.pt\/index.php?rest_route=\/wp\/v2\/types\/page"}],"author":[{"embeddable":true,"href":"https:\/\/bvbarrancos.pt\/index.php?rest_route=\/wp\/v2\/users\/1"}],"replies":[{"embeddable":true,"href":"https:\/\/bvbarrancos.pt\/index.php?rest_route=%2Fwp%2Fv2%2Fcomments&post=435"}],"version-history":[{"count":1,"href":"https:\/\/bvbarrancos.pt\/index.php?rest_route=\/wp\/v2\/pages\/435\/revisions"}],"predecessor-version":[{"id":436,"href":"https:\/\/bvbarrancos.pt\/index.php?rest_route=\/wp\/v2\/pages\/435\/revisions\/436"}],"wp:attachment":[{"href":"https:\/\/bvbarrancos.pt\/index.php?rest_route=%2Fwp%2Fv2%2Fmedia&parent=435"}],"curies":[{"name":"wp","href":"https:\/\/api.w.org\/{rel}","templated":true}]}}