{"id":440,"date":"2020-04-21T15:33:46","date_gmt":"2020-04-21T15:33:46","guid":{"rendered":"http:\/\/bvbarrancos.pt\/?page_id=440"},"modified":"2020-04-29T17:48:30","modified_gmt":"2020-04-29T17:48:30","slug":"links-uteis","status":"publish","type":"page","link":"https:\/\/bvbarrancos.pt\/?page_id=440","title":{"rendered":"Links \u00dateis"},"content":{"rendered":"<p><a href=\"http:\/\/www.enb.pt\/\" target=\"_blank\" rel=\"noopener noreferrer\"><strong>Escola Nacional de Bombeiros (ENB)<\/strong><\/a><\/p>\n<p>A Escola Nacional de Bombeiros tem como objectivo formar, simultaneamente, bombeiros e cidad\u00e3os capazes de responder eficazmente, nas vertentes t\u00e9cnica e humanista, aos desafios que a sociedade permanentemente lhes coloca.<\/p>\n<p>Formalmente constitu\u00edda em 1995, a Escola Nacional de Bombeiros (ENB) \u00e9 uma entidade privada sem fins lucrativos e pessoa colectiva de utilidade p\u00fablica, tendo como associados a ANPC \u2013 Autoridade Nacional de Protec\u00e7\u00e3o Civil e a LBP \u2013 Liga dos Bombeiros Portugueses.<\/p>\n<p>Reconhecida como autoridade pedag\u00f3gica na forma\u00e7\u00e3o t\u00e9cnica dos bombeiros portugueses, \u00e9 atrav\u00e9s da ENB que todos eles adquirem os conhecimentos e as especializa\u00e7\u00f5es indispens\u00e1veis ao, cada vez mais exigente, exerc\u00edcio da protec\u00e7\u00e3o e socorro.<\/p>\n<p><a href=\"http:\/\/www.lbp.pt\/\" target=\"_blank\" rel=\"noopener noreferrer\"><strong>Liga dos Bombeiros Portugueses<\/strong><\/a><\/p>\n<p>Liga dos Bombeiros Portugueses, considerada a Confedera\u00e7\u00e3o das Associa\u00e7\u00f5es e Corpos de Bombeiros de qualquer natureza \u2013 Volunt\u00e1rios, Municipais, Sapadores e Privativos.<\/p>\n<p><a href=\"http:\/\/www.prociv.pt\/\" target=\"_blank\" rel=\"noopener noreferrer\"><strong>Autoridade Nacional de Emerg\u00eancia e Protec\u00e7\u00e3o Civil<\/strong><\/a><\/p>\n<p>A protec\u00e7\u00e3o civil \u00e9 a actividade desenvolvida pelo Estado, Regi\u00f5es Aut\u00f3nomas e Autarquias Locais, pelos cidad\u00e3os e por todas as entidades p\u00fablicas e privadas, com a finalidade de prevenir riscos colectivos inerentes a situa\u00e7\u00f5es de acidente grave ou cat\u00e1strofe, de atenuar os seus efeitos, proteger e socorrer as pessoas e bens em perigo quando aquelas situa\u00e7\u00f5es ocorram.<\/p>\n<p><a href=\"http:\/\/www.inem.pt\/\" target=\"_blank\" rel=\"noopener noreferrer\"><strong>Instituto Nacional de Emerg\u00eancia M\u00e9dica<\/strong><\/a><\/p>\n<p>O Instituto Nacional de Emerg\u00eancia M\u00e9dica (INEM) \u00e9 o organismo do Minist\u00e9rio da Sa\u00fade respons\u00e1vel por coordenar o funcionamento, no territ\u00f3rio de Portugal Continental.<\/p>\n<p>A presta\u00e7\u00e3o de socorros no local da ocorr\u00eancia, o transporte assistido das v\u00edtimas para o hospital adequado e a articula\u00e7\u00e3o entre os v\u00e1rios intervenientes do Sistema, s\u00e3o as principais tarefas do INEM.<\/p>\n","protected":false},"excerpt":{"rendered":"<p>Escola Nacional de Bombeiros (ENB) A Escola Nacional de Bombeiros tem como objectivo formar, simultaneamente, bombeiros e cidad\u00e3os capazes de<\/p>\n","protected":false},"author":1,"featured_media":0,"parent":0,"menu_order":0,"comment_status":"closed","ping_status":"closed","template":"","meta":{"footnotes":"","_links_to":"","_links_to_target":""},"class_list":["post-440","page","type-page","status-publish","hentry"],"_links":{"self":[{"href":"https:\/\/bvbarrancos.pt\/index.php?rest_route=\/wp\/v2\/pages\/440","targetHints":{"allow":["GET"]}}],"collection":[{"href":"https:\/\/bvbarrancos.pt\/index.php?rest_route=\/wp\/v2\/pages"}],"about":[{"href":"https:\/\/bvbarrancos.pt\/index.php?rest_route=\/wp\/v2\/types\/page"}],"author":[{"embeddable":true,"href":"https:\/\/bvbarrancos.pt\/index.php?rest_route=\/wp\/v2\/users\/1"}],"replies":[{"embeddable":true,"href":"https:\/\/bvbarrancos.pt\/index.php?rest_route=%2Fwp%2Fv2%2Fcomments&post=440"}],"version-history":[{"count":6,"href":"https:\/\/bvbarrancos.pt\/index.php?rest_route=\/wp\/v2\/pages\/440\/revisions"}],"predecessor-version":[{"id":513,"href":"https:\/\/bvbarrancos.pt\/index.php?rest_route=\/wp\/v2\/pages\/440\/revisions\/513"}],"wp:attachment":[{"href":"https:\/\/bvbarrancos.pt\/index.php?rest_route=%2Fwp%2Fv2%2Fmedia&parent=440"}],"curies":[{"name":"wp","href":"https:\/\/api.w.org\/{rel}","templated":true}]}}