{"id":492,"date":"2020-04-29T16:40:12","date_gmt":"2020-04-29T16:40:12","guid":{"rendered":"http:\/\/bvbarrancos.pt\/?page_id=492"},"modified":"2026-03-23T13:28:49","modified_gmt":"2026-03-23T13:28:49","slug":"bombeiros-quadro-activo","status":"publish","type":"page","link":"https:\/\/bvbarrancos.pt\/?page_id=492","title":{"rendered":"Bombeiros"},"content":{"rendered":"<figure id=\"attachment_569\" aria-describedby=\"caption-attachment-569\" style=\"width: 479px\" class=\"wp-caption aligncenter\"><img loading=\"lazy\" decoding=\"async\" class=\" wp-image-569\" src=\"http:\/\/bvbarrancos.pt\/wp-content\/uploads\/2020\/05\/divisas-297x300.jpg\" alt=\"\" width=\"479\" height=\"484\" srcset=\"https:\/\/bvbarrancos.pt\/wp-content\/uploads\/2020\/05\/divisas-297x300.jpg 297w, https:\/\/bvbarrancos.pt\/wp-content\/uploads\/2020\/05\/divisas-768x777.jpg 768w, https:\/\/bvbarrancos.pt\/wp-content\/uploads\/2020\/05\/divisas.jpg 804w\" sizes=\"auto, (max-width: 479px) 100vw, 479px\" \/><figcaption id=\"caption-attachment-569\" class=\"wp-caption-text\">Divisas<\/figcaption><\/figure>\n<h4 style=\"text-align: center;\"><em><span style=\"font-size: 14pt;\"><strong>Quadro Comando<\/strong><\/span><\/em><\/h4>\n<table style=\"width: 100%; height: 168px;\" border=\"0\" width=\"100%\" align=\"center\">\n<tbody>\n<tr style=\"height: 24px;\" align=\"center\" bgcolor=\"#9e0000\">\n<td style=\"height: 24px; text-align: center;\" width=\"494\"><span style=\"color: #ffff00;\"><strong>Cargo<\/strong><\/span><\/td>\n<td style=\"height: 24px; text-align: center;\" width=\"495\"><span style=\"color: #ffff00;\"><strong>Nome<\/strong><\/span><\/td>\n<\/tr>\n<tr style=\"height: 24px;\" align=\"center\" bgcolor=\"#e6e6e6\">\n<td style=\"height: 24px; text-align: center;\" width=\"494\">Comandante<\/td>\n<td style=\"height: 24px; text-align: center;\" width=\"495\">Jo\u00e3o Carlos Berjano Agulhas<\/td>\n<\/tr>\n<tr style=\"height: 24px;\" align=\"center\" bgcolor=\"#e6e6e6\">\n<td style=\"height: 24px; text-align: center;\" width=\"494\">2.\u00ba Comandante<\/td>\n<td style=\"height: 24px; text-align: center;\" width=\"495\">Vago<\/td>\n<\/tr>\n<tr style=\"height: 24px;\" align=\"center\" bgcolor=\"#e6e6e6\">\n<td style=\"height: 24px; text-align: center;\" width=\"494\">Adjunto Comando<\/td>\n<td style=\"height: 24px; text-align: center;\" width=\"495\">Manuel Domingos Rodrigues Cortegano<\/td>\n<\/tr>\n<\/tbody>\n<\/table>\n<h4 style=\"text-align: center;\"><em><span style=\"font-size: 14pt;\"><strong>Quadro Ativo<\/strong><\/span><\/em><\/h4>\n<table style=\"width: 100%; height: 865px;\" border=\"0\" width=\"100%\" align=\"center\">\n<tbody>\n<tr style=\"height: 24px;\" align=\"center\" bgcolor=\"#9e0000\">\n<td style=\"height: 49px; text-align: center;\" width=\"493\"><span style=\"color: #ffff00;\"><strong>Categoria<\/strong><\/span><\/td>\n<td style=\"height: 49px; text-align: center;\" width=\"496\"><span style=\"color: #ffff00;\"><strong>Nome<\/strong><\/span><\/td>\n<\/tr>\n<tr style=\"height: 24px;\">\n<td style=\"text-align: center; height: 24px;\" colspan=\"2\"><strong>Carreira de Oficial Bombeiro<\/strong><\/td>\n<\/tr>\n<tr style=\"height: 24px;\" align=\"center\" bgcolor=\"#e6e6e6\">\n<td style=\"height: 24px; text-align: center;\" width=\"493\">Oficial Bombeiro de 1.\u00aa Supranumer\u00e1rio<\/td>\n<td style=\"height: 24px; text-align: center;\" width=\"496\">Lu\u00eds Manuel Pica Navarro<\/td>\n<\/tr>\n<tr style=\"height: 24px;\" align=\"center\" bgcolor=\"#e6e6e6\">\n<td style=\"height: 24px; text-align: center;\" width=\"493\"><\/td>\n<td style=\"height: 24px; text-align: center;\" width=\"496\"><\/td>\n<\/tr>\n<tr style=\"height: 24px;\">\n<td style=\"text-align: center; height: 24px;\" colspan=\"2\"><strong>Carreira de Bombeiro<\/strong><\/td>\n<\/tr>\n<tr style=\"height: 24px;\" align=\"center\" bgcolor=\"#e6e6e6\">\n<td style=\"height: 24px; text-align: center;\" width=\"493\">Chefe<\/td>\n<td style=\"height: 24px; text-align: center;\" width=\"496\">Nelson Ca\u00e7ador Rodrigues<\/td>\n<\/tr>\n<tr style=\"height: 24px;\" align=\"center\" bgcolor=\"#e6e6e6\">\n<td style=\"height: 24px; text-align: center;\" width=\"493\">Subchefe<\/td>\n<td style=\"height: 24px; text-align: center;\" width=\"496\">Jo\u00e3o Carlos Martins Rico<\/td>\n<\/tr>\n<tr style=\"height: 24px;\" align=\"center\" bgcolor=\"#e6e6e6\">\n<td style=\"height: 24px; text-align: center;\" width=\"493\">Subchefe<\/td>\n<td style=\"height: 24px; text-align: center;\" width=\"496\">Ana Cristina Pinto Garcia<\/td>\n<\/tr>\n<tr style=\"height: 24px;\" align=\"center\" bgcolor=\"#e6e6e6\">\n<td style=\"height: 24px; text-align: center;\" width=\"493\">Subchefe<\/td>\n<td style=\"height: 24px; text-align: center;\" width=\"496\">Am\u00edlcar Manuel Gon\u00e7alves Ramos<\/td>\n<\/tr>\n<tr style=\"height: 24px;\" align=\"center\" bgcolor=\"#e6e6e6\">\n<td style=\"height: 24px; text-align: center;\" width=\"493\">Bombeiro de 1.\u00aa<\/td>\n<td style=\"height: 24px; text-align: center;\" width=\"496\">Jos\u00e9 Carlos Costa Lopes<\/td>\n<\/tr>\n<tr style=\"height: 24px;\" align=\"center\" bgcolor=\"#e6e6e6\">\n<td style=\"height: 24px; text-align: center;\" width=\"493\">Bombeiro de 1.\u00aa<\/td>\n<td style=\"height: 24px; text-align: center;\" width=\"496\">Jos\u00e9 Manuel Seg\u00e3o Lopes<\/td>\n<\/tr>\n<tr style=\"background-color: #e8e8e8;\">\n<td style=\"text-align: center; height: 24px;\">Bombeira de 1.\u00aa<\/td>\n<td style=\"height: 24px; text-align: center;\">V\u00e2nia de Jesus Torrado Reganha<\/td>\n<\/tr>\n<tr style=\"height: 24px;\" align=\"center\" bgcolor=\"#e6e6e6\">\n<td style=\"height: 24px; text-align: center;\" width=\"493\">Bombeiro de 1.\u00aa<\/td>\n<td style=\"height: 24px; text-align: center;\" width=\"496\">Domingos Filipe Rico Ramos<\/td>\n<\/tr>\n<tr style=\"background-color: #e8e8e8;\">\n<td style=\"text-align: center; height: 24px;\">Bombeira de 2.\u00aa<\/td>\n<td style=\"height: 24px; text-align: center;\">Filipa de Jesus Gaspar Costa Nov\u00e1lio<\/td>\n<\/tr>\n<tr style=\"background-color: #e8e8e8;\">\n<td style=\"text-align: center; height: 24px;\">Bombeiro de 2.\u00aa<\/td>\n<td style=\"height: 24px; text-align: center;\">Francisco Pinto Garcia<\/td>\n<\/tr>\n<tr style=\"background-color: #e8e8e8;\">\n<td style=\"text-align: center; height: 24px;\">Bombeiro de 2.\u00aa<\/td>\n<td style=\"height: 24px; text-align: center;\">V\u00edtor Manuel Ca\u00e7ador Seg\u00e3o<\/td>\n<\/tr>\n<tr style=\"background-color: #e8e8e8;\">\n<td style=\"text-align: center; height: 24px;\">Bombeiro de 2.\u00aa<\/td>\n<td style=\"height: 24px; text-align: center;\">Ant\u00f3nio Miguel Rodrigues Garcia<\/td>\n<\/tr>\n<tr style=\"background-color: #e8e8e8;\">\n<td style=\"text-align: center; height: 24px;\">Bombeira de 2.\u00aa<\/td>\n<td style=\"height: 24px; text-align: center;\">Vera Maria Cuecas Cortegano<\/td>\n<\/tr>\n<tr style=\"background-color: #e8e8e8;\">\n<td style=\"text-align: center; height: 24px;\">Bombeiro de 2.\u00aa<\/td>\n<td style=\"height: 24px; text-align: center;\">Andreia de F\u00e1tima Pinto Garcia<\/td>\n<\/tr>\n<tr style=\"background-color: #e8e8e8;\">\n<td style=\"text-align: center; height: 24px;\">Bombeiro de 2.\u00aa<\/td>\n<td style=\"height: 24px; text-align: center;\">Francisco Manuel Gon\u00e7alves Rodrigues<\/td>\n<\/tr>\n<tr style=\"background-color: #e8e8e8;\">\n<td style=\"text-align: center; height: 24px;\">Bombeiro de 2.\u00aa<\/td>\n<td style=\"height: 24px; text-align: center;\">Ant\u00f3nio Francisco Novalio Torrado<\/td>\n<\/tr>\n<tr style=\"background-color: #e8e8e8;\">\n<td style=\"text-align: center; height: 24px;\">Bombeiro de 2.\u00aa<\/td>\n<td style=\"height: 24px; text-align: center;\">Lu\u00eds Miguel Bergano Ramos L\u00e9rias<\/td>\n<\/tr>\n<tr style=\"background-color: #e8e8e8;\">\n<td style=\"text-align: center; height: 24px;\">Bombeiro de 3.\u00aa<\/td>\n<td style=\"height: 24px; text-align: center;\">Daniel Rico Cortegano<\/td>\n<\/tr>\n<tr style=\"background-color: #e8e8e8;\">\n<td style=\"text-align: center; height: 24px;\">Bombeira de 3.\u00aa<\/td>\n<td style=\"height: 24px; text-align: center;\">Marisa da Concei\u00e7\u00e3o Gon\u00e7alves Ramos<\/td>\n<\/tr>\n<tr style=\"background-color: #e8e8e8;\">\n<td style=\"text-align: center; height: 24px;\">Bombeiro de 3.\u00aa<\/td>\n<td style=\"height: 24px; text-align: center;\">Jos\u00e9 Manuel Firmino Chibito<\/td>\n<\/tr>\n<tr style=\"background-color: #e8e8e8;\">\n<td style=\"text-align: center; height: 24px;\">Bombeiro de 3.\u00aa<\/td>\n<td style=\"height: 24px; text-align: center;\">M\u00e1rio Jos\u00e9 Marcelo Vaz<\/td>\n<\/tr>\n<tr style=\"background-color: #e8e8e8;\">\n<td style=\"text-align: center; height: 24px;\">Bombeiro de 3.\u00aa<\/td>\n<td style=\"height: 24px; text-align: center;\">Pedro Seg\u00e3o Rodrigues<\/td>\n<\/tr>\n<tr style=\"background-color: #e8e8e8;\">\n<td style=\"text-align: center; height: 24px;\">Bombeiro de 3.\u00aa<\/td>\n<td style=\"height: 24px; text-align: center;\">Manuel dos Santos Prata<\/td>\n<\/tr>\n<tr style=\"background-color: #e8e8e8;\">\n<td style=\"height: 24px; text-align: center;\">Bombeiro de 3.\u00aa<\/td>\n<td style=\"height: 24px; text-align: center;\">David Miguel Peres Fernandes<\/td>\n<\/tr>\n<tr style=\"background-color: #e8e8e8;\">\n<td style=\"height: 24px; text-align: center;\">Bombeiro de 3.\u00aa<\/td>\n<td style=\"height: 24px; text-align: center;\">M\u00e1rio Branquinho Vaz<\/td>\n<\/tr>\n<tr style=\"background-color: #e8e8e8;\">\n<td style=\"height: 24px; text-align: center;\">Bombeiro de 3.\u00aa<\/td>\n<td style=\"height: 24px; text-align: center;\">Marco Jos\u00e9 Costa Cardoso<\/td>\n<\/tr>\n<tr style=\"background-color: #e8e8e8;\">\n<td style=\"height: 24px; text-align: center;\"><\/td>\n<td style=\"height: 24px;\"><\/td>\n<\/tr>\n<\/tbody>\n<\/table>\n<h4 style=\"text-align: center;\"><em><strong><span style=\"font-size: 14pt;\">Estagi\u00e1rios<\/span><\/strong><\/em><\/h4>\n<table style=\"border-collapse: collapse; width: 100%;\">\n<tbody>\n<tr>\n<td style=\"width: 100%;\">\n<table style=\"height: 96px; width: 100%; border-collapse: collapse; background-color: #f5f0f5;\">\n<tbody>\n<tr style=\"height: 24px;\">\n<td style=\"width: 100%; height: 24px; text-align: center;\">Beatriz Garcia Rodrigues<\/td>\n<\/tr>\n<tr style=\"height: 24px;\">\n<td style=\"width: 100%; height: 24px; text-align: center;\">Maria In\u00eas Reganha Baleiz\u00e3o<\/td>\n<\/tr>\n<tr style=\"height: 24px;\">\n<td style=\"width: 100%; height: 24px; text-align: center;\">Teresa Oliveira Godinho<\/td>\n<\/tr>\n<tr>\n<td style=\"width: 100%; text-align: center;\">Diogo Branquinho Vaz<\/td>\n<\/tr>\n<tr style=\"height: 24px;\">\n<td style=\"width: 100%; height: 24px; text-align: center;\">Soraia Rodrigues Cortegano<\/td>\n<\/tr>\n<\/tbody>\n<\/table>\n<\/td>\n<\/tr>\n<\/tbody>\n<\/table>\n<h4 style=\"text-align: center;\"><em><span style=\"font-size: 14pt;\"><strong>Escola de Infantes e Cadetes<\/strong><\/span><\/em><\/h4>\n<table style=\"border-collapse: collapse; width: 100%; height: 328px;\">\n<tbody>\n<tr style=\"background-color: #ad0a0a;\">\n<td style=\"width: 50%; height: 40px; text-align: center;\"><span style=\"color: #ffff99;\"><strong>Categoria<\/strong><\/span><\/td>\n<td style=\"width: 50%; height: 40px; text-align: center;\"><strong><span style=\"color: #ffff99;\">Nome<\/span><\/strong><\/td>\n<\/tr>\n<tr>\n<td style=\"width: 50%; text-align: center;\" colspan=\"2\"><strong>Dos 14 aos 16 anos de idade<\/strong><\/td>\n<\/tr>\n<tr style=\"background-color: #ede8e8;\">\n<td style=\"width: 50%; height: 24px; text-align: center;\">Cadete<\/td>\n<td style=\"width: 50%; height: 24px; text-align: center;\">Daniel Rodrigues Cortegano<\/td>\n<\/tr>\n<tr style=\"background-color: #ede8e8;\">\n<td style=\"width: 50%; height: 24px; text-align: center;\">Cadete<\/td>\n<td style=\"width: 50%; height: 24px; text-align: center;\">Guilherme Costa Reganha Peres<\/td>\n<\/tr>\n<tr style=\"background-color: #ede8e8;\">\n<td style=\"width: 50%; text-align: center; height: 24px;\">Cadete<\/td>\n<td style=\"width: 50%; height: 24px; text-align: center;\"><span style=\"font-size: 13.3333px;\">Lu\u00eds Afonso Rodrigues Roque Montemor Hermenegildo<\/span><\/td>\n<\/tr>\n<tr style=\"background-color: #ede8e8;\">\n<td style=\"width: 50%; text-align: center; height: 24px;\">Cadete<\/td>\n<td style=\"width: 50%; height: 24px; text-align: center;\">Santiago Rodrigues Delgado<\/td>\n<\/tr>\n<tr style=\"background-color: #ede8e8;\">\n<td style=\"width: 50%; text-align: center; height: 24px;\"><\/td>\n<td style=\"width: 50%; height: 24px; text-align: center;\"><\/td>\n<\/tr>\n<tr>\n<td style=\"width: 50%; text-align: center;\" colspan=\"2\"><strong>Dos 6 aos 13 anos de idade<\/strong><\/td>\n<\/tr>\n<tr style=\"background-color: #ede8e8;\">\n<td style=\"width: 50%; text-align: center; height: 24px;\">Infante<\/td>\n<td style=\"width: 50%; height: 24px; text-align: center;\">&#8212;<\/td>\n<\/tr>\n<tr style=\"background-color: #ede8e8;\">\n<td style=\"width: 50%; text-align: center; height: 24px;\">Infante<\/td>\n<td style=\"width: 50%; height: 24px; text-align: center;\">&#8212;<\/td>\n<\/tr>\n<tr style=\"background-color: #ede8e8;\">\n<td style=\"width: 50%; text-align: center; height: 24px;\">Infante<\/td>\n<td style=\"width: 50%; height: 24px; text-align: center;\">&#8212;<\/td>\n<\/tr>\n<tr style=\"background-color: #ede8e8;\">\n<td style=\"width: 50%; text-align: center; height: 24px;\">Infante<\/td>\n<td style=\"width: 50%; height: 24px; text-align: center;\">&#8212;<\/td>\n<\/tr>\n<tr style=\"background-color: #ede8e8;\">\n<td style=\"width: 50%; text-align: center; height: 24px;\">Infante<\/td>\n<td style=\"width: 50%; height: 24px; text-align: center;\">&#8212;<\/td>\n<\/tr>\n<\/tbody>\n<\/table>\n<p style=\"text-align: center;\"><span style=\"font-size: 14pt;\"><strong>Quadro de Honra<\/strong><\/span><\/p>\n<table style=\"height: 352px; width: 100%; background-color: #e8e8e8;\" border=\"0\" width=\"100%\" align=\"center\">\n<tbody>\n<tr style=\"height: 24px;\" align=\"center\" bgcolor=\"#9e0000\">\n<td style=\"width: 664px; height: 40px; text-align: center;\"><span style=\"color: #ffff00;\"><strong>Categoria<\/strong><\/span><\/td>\n<td style=\"width: 699px; height: 40px; text-align: center;\"><span style=\"color: #ffff00;\"><strong>Nome<\/strong><\/span><\/td>\n<\/tr>\n<tr style=\"height: 24px;\">\n<td style=\"width: 664px; height: 24px; background-color: #a8a5a5; text-align: center;\">Oficial Bombeiro Principal Supranumer\u00e1rio<\/td>\n<td style=\"width: 699px; height: 24px; background-color: #a8a5a5; text-align: center;\">Ant\u00f3nio Jos\u00e9 Baleiz\u00e3o Seg\u00e3o<\/td>\n<\/tr>\n<tr style=\"height: 24px;\" align=\"center\" bgcolor=\"#e6e6e6\">\n<td style=\"width: 664px; height: 24px; text-align: center;\">Comandante<\/td>\n<td style=\"width: 699px; height: 24px; text-align: center;\">Carlos Filipe Ramos L\u00e9rias<\/td>\n<\/tr>\n<tr style=\"height: 24px;\" align=\"center\" bgcolor=\"#e6e6e6\">\n<td style=\"width: 664px; height: 24px; text-align: center;\">Chefe<\/td>\n<td style=\"width: 699px; height: 24px; text-align: center;\">Manuel Ant\u00f3nio Rico Ramos<\/td>\n<\/tr>\n<tr style=\"height: 24px;\" align=\"center\" bgcolor=\"#e6e6e6\">\n<td style=\"width: 664px; height: 24px; text-align: center;\">Chefe<\/td>\n<td style=\"width: 699px; height: 24px; text-align: center;\">Manuel Francisco Escoval Costa<\/td>\n<\/tr>\n<tr style=\"height: 24px;\" align=\"center\" bgcolor=\"#e6e6e6\">\n<td style=\"width: 664px; height: 24px; text-align: center;\">Chefe<\/td>\n<td style=\"width: 699px; height: 24px; text-align: center;\">Manuel Francisco Bonito Borralho<\/td>\n<\/tr>\n<tr style=\"height: 24px;\" align=\"center\" bgcolor=\"#e6e6e6\">\n<td style=\"width: 664px; height: 24px; text-align: center;\">Subchefe<\/td>\n<td style=\"width: 699px; height: 24px; text-align: center;\">Manuel Carlos Cortegano Reganha<\/td>\n<\/tr>\n<tr style=\"background-color: #e8e8e8;\">\n<td style=\"width: 664px; height: 24px; text-align: center;\">Bombeiro de 1.\u00aa<\/td>\n<td style=\"width: 699px; height: 24px; text-align: center;\">Ant\u00f3nio Nunes Carvalho<\/td>\n<\/tr>\n<tr style=\"background-color: #e8e8e8;\">\n<td style=\"width: 664px; height: 24px; text-align: center;\">Bombeiro de 1.\u00aa<\/td>\n<td style=\"width: 699px; height: 24px; text-align: center;\">Manuel Martins Domingues<\/td>\n<\/tr>\n<tr style=\"background-color: #e8e8e8;\">\n<td style=\"width: 664px; height: 24px; text-align: center;\">Bombeiro de 2.\u00aa<\/td>\n<td style=\"width: 699px; height: 24px; text-align: center;\">Em\u00edlio Feliciano Domingues<\/td>\n<\/tr>\n<tr style=\"background-color: #e8e8e8;\">\n<td style=\"width: 664px; height: 24px; text-align: center;\">Bombeiro de 2.\u00aa<\/td>\n<td style=\"width: 699px; height: 24px; text-align: center;\">Manuel Gon\u00e7alves Rodrigues<\/td>\n<\/tr>\n<tr style=\"background-color: #e8e8e8;\">\n<td style=\"width: 664px; height: 24px; text-align: center;\">Bombeiro de 3.\u00aa<\/td>\n<td style=\"width: 699px; height: 24px; text-align: center;\">Sebasti\u00e3o Ramos Val\u00e9rio<\/td>\n<\/tr>\n<tr style=\"background-color: #e8e8e8;\">\n<td style=\"width: 664px; height: 24px; text-align: center;\"><\/td>\n<td style=\"width: 699px; height: 24px; text-align: center;\"><\/td>\n<\/tr>\n<\/tbody>\n<\/table>\n","protected":false},"excerpt":{"rendered":"<p>Quadro Comando Cargo Nome Comandante Jo\u00e3o Carlos Berjano Agulhas 2.\u00ba Comandante Vago Adjunto Comando Manuel Domingos Rodrigues Cortegano Quadro Ativo<\/p>\n","protected":false},"author":2,"featured_media":0,"parent":0,"menu_order":0,"comment_status":"closed","ping_status":"closed","template":"","meta":{"footnotes":"","_links_to":"","_links_to_target":""},"class_list":["post-492","page","type-page","status-publish","hentry"],"_links":{"self":[{"href":"https:\/\/bvbarrancos.pt\/index.php?rest_route=\/wp\/v2\/pages\/492","targetHints":{"allow":["GET"]}}],"collection":[{"href":"https:\/\/bvbarrancos.pt\/index.php?rest_route=\/wp\/v2\/pages"}],"about":[{"href":"https:\/\/bvbarrancos.pt\/index.php?rest_route=\/wp\/v2\/types\/page"}],"author":[{"embeddable":true,"href":"https:\/\/bvbarrancos.pt\/index.php?rest_route=\/wp\/v2\/users\/2"}],"replies":[{"embeddable":true,"href":"https:\/\/bvbarrancos.pt\/index.php?rest_route=%2Fwp%2Fv2%2Fcomments&post=492"}],"version-history":[{"count":38,"href":"https:\/\/bvbarrancos.pt\/index.php?rest_route=\/wp\/v2\/pages\/492\/revisions"}],"predecessor-version":[{"id":28872,"href":"https:\/\/bvbarrancos.pt\/index.php?rest_route=\/wp\/v2\/pages\/492\/revisions\/28872"}],"wp:attachment":[{"href":"https:\/\/bvbarrancos.pt\/index.php?rest_route=%2Fwp%2Fv2%2Fmedia&parent=492"}],"curies":[{"name":"wp","href":"https:\/\/api.w.org\/{rel}","templated":true}]}}